{"id":3717,"date":"2026-02-18T12:06:26","date_gmt":"2026-02-18T18:06:26","guid":{"rendered":"https:\/\/bananarama.com\/los-menus-de-la-tortuga-sedienta\/"},"modified":"2026-02-18T13:41:34","modified_gmt":"2026-02-18T19:41:34","slug":"los-menus-de-la-tortuga-sedienta","status":"publish","type":"page","link":"https:\/\/bananarama.com\/es\/los-menus-de-la-tortuga-sedienta\/","title":{"rendered":"Los men\u00fas de la Tortuga Sedienta"},"content":{"rendered":"","protected":false},"excerpt":{"rendered":"","protected":false},"author":1,"featured_media":0,"parent":0,"menu_order":0,"comment_status":"closed","ping_status":"closed","template":"","meta":[],"yoast_head":"<!-- This site is optimized with the Yoast SEO plugin v20.3 - https:\/\/yoast.com\/wordpress\/plugins\/seo\/ -->\n<title>Los men\u00fas de la Tortuga Sedienta - %<\/title>\n<meta name=\"description\" content=\"\u00a1Men\u00fas disponibles para nuestro restaurante Thirsty Turtle en Bananarama! Consulte aqu\u00ed nuestro men\u00fa de crucero o el men\u00fa completo.\" \/>\n<meta name=\"robots\" content=\"index, follow, max-snippet:-1, max-image-preview:large, max-video-preview:-1\" \/>\n<link rel=\"canonical\" href=\"https:\/\/bananarama.com\/es\/los-menus-de-la-tortuga-sedienta\/\" \/>\n<meta property=\"og:locale\" content=\"es_ES\" \/>\n<meta property=\"og:type\" content=\"article\" \/>\n<meta property=\"og:title\" content=\"Los men\u00fas de la Tortuga Sedienta - %\" \/>\n<meta property=\"og:description\" content=\"\u00a1Men\u00fas disponibles para nuestro restaurante Thirsty Turtle en Bananarama! Consulte aqu\u00ed nuestro men\u00fa de crucero o el men\u00fa completo.\" \/>\n<meta property=\"og:url\" content=\"https:\/\/bananarama.com\/es\/los-menus-de-la-tortuga-sedienta\/\" \/>\n<meta property=\"og:site_name\" content=\"Bananarama Dive &amp; Beach Resort\" \/>\n<meta property=\"article:publisher\" content=\"https:\/\/www.facebook.com\/BananaramaDive\/\" \/>\n<meta property=\"article:modified_time\" content=\"2026-02-18T19:41:34+00:00\" \/>\n<meta name=\"twitter:card\" content=\"summary_large_image\" \/>\n<script type=\"application\/ld+json\" class=\"yoast-schema-graph\">{\"@context\":\"https:\/\/schema.org\",\"@graph\":[{\"@type\":\"WebPage\",\"@id\":\"https:\/\/bananarama.com\/es\/los-menus-de-la-tortuga-sedienta\/\",\"url\":\"https:\/\/bananarama.com\/es\/los-menus-de-la-tortuga-sedienta\/\",\"name\":\"Los men\u00fas de la Tortuga Sedienta - %\",\"isPartOf\":{\"@id\":\"https:\/\/bananarama.com\/es\/#website\"},\"datePublished\":\"2026-02-18T18:06:26+00:00\",\"dateModified\":\"2026-02-18T19:41:34+00:00\",\"description\":\"\u00a1Men\u00fas disponibles para nuestro restaurante Thirsty Turtle en Bananarama! Consulte aqu\u00ed nuestro men\u00fa de crucero o el men\u00fa completo.\",\"breadcrumb\":{\"@id\":\"https:\/\/bananarama.com\/es\/los-menus-de-la-tortuga-sedienta\/#breadcrumb\"},\"inLanguage\":\"es\",\"potentialAction\":[{\"@type\":\"ReadAction\",\"target\":[\"https:\/\/bananarama.com\/es\/los-menus-de-la-tortuga-sedienta\/\"]}]},{\"@type\":\"BreadcrumbList\",\"@id\":\"https:\/\/bananarama.com\/es\/los-menus-de-la-tortuga-sedienta\/#breadcrumb\",\"itemListElement\":[{\"@type\":\"ListItem\",\"position\":1,\"name\":\"Inicio\",\"item\":\"https:\/\/bananarama.com\/es\/home\/\"},{\"@type\":\"ListItem\",\"position\":2,\"name\":\"Los men\u00fas de la Tortuga Sedienta\"}]},{\"@type\":\"WebSite\",\"@id\":\"https:\/\/bananarama.com\/es\/#website\",\"url\":\"https:\/\/bananarama.com\/es\/\",\"name\":\"Bananarama Dive & Beach Resort, Roatan\",\"description\":\"\",\"publisher\":{\"@id\":\"https:\/\/bananarama.com\/es\/#organization\"},\"potentialAction\":[{\"@type\":\"SearchAction\",\"target\":{\"@type\":\"EntryPoint\",\"urlTemplate\":\"https:\/\/bananarama.com\/es\/?s={search_term_string}\"},\"query-input\":\"required name=search_term_string\"}],\"inLanguage\":\"es\"},{\"@type\":\"Organization\",\"@id\":\"https:\/\/bananarama.com\/es\/#organization\",\"name\":\"Bananarama Dive &amp; Beach Resort\",\"url\":\"https:\/\/bananarama.com\/es\/\",\"logo\":{\"@type\":\"ImageObject\",\"inLanguage\":\"es\",\"@id\":\"https:\/\/bananarama.com\/es\/#\/schema\/logo\/image\/\",\"url\":\"http:\/\/bananarama.com\/wp-content\/uploads\/2019\/07\/Bananarama-logo-2018-HD-Test-1024x693.jpg\",\"contentUrl\":\"http:\/\/bananarama.com\/wp-content\/uploads\/2019\/07\/Bananarama-logo-2018-HD-Test-1024x693.jpg\",\"width\":1024,\"height\":693,\"caption\":\"Bananarama Dive &amp; Beach Resort\"},\"image\":{\"@id\":\"https:\/\/bananarama.com\/es\/#\/schema\/logo\/image\/\"},\"sameAs\":[\"https:\/\/www.facebook.com\/BananaramaDive\/\",\"https:\/\/www.instagram.com\/bananaramaresort\/\"]}]}<\/script>\n<!-- \/ Yoast SEO plugin. -->","yoast_head_json":{"title":"Los men\u00fas de la Tortuga Sedienta - %","description":"\u00a1Men\u00fas disponibles para nuestro restaurante Thirsty Turtle en Bananarama! Consulte aqu\u00ed nuestro men\u00fa de crucero o el men\u00fa completo.","robots":{"index":"index","follow":"follow","max-snippet":"max-snippet:-1","max-image-preview":"max-image-preview:large","max-video-preview":"max-video-preview:-1"},"canonical":"https:\/\/bananarama.com\/es\/los-menus-de-la-tortuga-sedienta\/","og_locale":"es_ES","og_type":"article","og_title":"Los men\u00fas de la Tortuga Sedienta - %","og_description":"\u00a1Men\u00fas disponibles para nuestro restaurante Thirsty Turtle en Bananarama! Consulte aqu\u00ed nuestro men\u00fa de crucero o el men\u00fa completo.","og_url":"https:\/\/bananarama.com\/es\/los-menus-de-la-tortuga-sedienta\/","og_site_name":"Bananarama Dive &amp; Beach Resort","article_publisher":"https:\/\/www.facebook.com\/BananaramaDive\/","article_modified_time":"2026-02-18T19:41:34+00:00","twitter_card":"summary_large_image","schema":{"@context":"https:\/\/schema.org","@graph":[{"@type":"WebPage","@id":"https:\/\/bananarama.com\/es\/los-menus-de-la-tortuga-sedienta\/","url":"https:\/\/bananarama.com\/es\/los-menus-de-la-tortuga-sedienta\/","name":"Los men\u00fas de la Tortuga Sedienta - %","isPartOf":{"@id":"https:\/\/bananarama.com\/es\/#website"},"datePublished":"2026-02-18T18:06:26+00:00","dateModified":"2026-02-18T19:41:34+00:00","description":"\u00a1Men\u00fas disponibles para nuestro restaurante Thirsty Turtle en Bananarama! Consulte aqu\u00ed nuestro men\u00fa de crucero o el men\u00fa completo.","breadcrumb":{"@id":"https:\/\/bananarama.com\/es\/los-menus-de-la-tortuga-sedienta\/#breadcrumb"},"inLanguage":"es","potentialAction":[{"@type":"ReadAction","target":["https:\/\/bananarama.com\/es\/los-menus-de-la-tortuga-sedienta\/"]}]},{"@type":"BreadcrumbList","@id":"https:\/\/bananarama.com\/es\/los-menus-de-la-tortuga-sedienta\/#breadcrumb","itemListElement":[{"@type":"ListItem","position":1,"name":"Inicio","item":"https:\/\/bananarama.com\/es\/home\/"},{"@type":"ListItem","position":2,"name":"Los men\u00fas de la Tortuga Sedienta"}]},{"@type":"WebSite","@id":"https:\/\/bananarama.com\/es\/#website","url":"https:\/\/bananarama.com\/es\/","name":"Bananarama Dive & Beach Resort, Roatan","description":"","publisher":{"@id":"https:\/\/bananarama.com\/es\/#organization"},"potentialAction":[{"@type":"SearchAction","target":{"@type":"EntryPoint","urlTemplate":"https:\/\/bananarama.com\/es\/?s={search_term_string}"},"query-input":"required name=search_term_string"}],"inLanguage":"es"},{"@type":"Organization","@id":"https:\/\/bananarama.com\/es\/#organization","name":"Bananarama Dive &amp; Beach Resort","url":"https:\/\/bananarama.com\/es\/","logo":{"@type":"ImageObject","inLanguage":"es","@id":"https:\/\/bananarama.com\/es\/#\/schema\/logo\/image\/","url":"http:\/\/bananarama.com\/wp-content\/uploads\/2019\/07\/Bananarama-logo-2018-HD-Test-1024x693.jpg","contentUrl":"http:\/\/bananarama.com\/wp-content\/uploads\/2019\/07\/Bananarama-logo-2018-HD-Test-1024x693.jpg","width":1024,"height":693,"caption":"Bananarama Dive &amp; Beach Resort"},"image":{"@id":"https:\/\/bananarama.com\/es\/#\/schema\/logo\/image\/"},"sameAs":["https:\/\/www.facebook.com\/BananaramaDive\/","https:\/\/www.instagram.com\/bananaramaresort\/"]}]}},"_links":{"self":[{"href":"https:\/\/bananarama.com\/es\/wp-json\/wp\/v2\/pages\/3717"}],"collection":[{"href":"https:\/\/bananarama.com\/es\/wp-json\/wp\/v2\/pages"}],"about":[{"href":"https:\/\/bananarama.com\/es\/wp-json\/wp\/v2\/types\/page"}],"author":[{"embeddable":true,"href":"https:\/\/bananarama.com\/es\/wp-json\/wp\/v2\/users\/1"}],"replies":[{"embeddable":true,"href":"https:\/\/bananarama.com\/es\/wp-json\/wp\/v2\/comments?post=3717"}],"version-history":[{"count":1,"href":"https:\/\/bananarama.com\/es\/wp-json\/wp\/v2\/pages\/3717\/revisions"}],"predecessor-version":[{"id":3764,"href":"https:\/\/bananarama.com\/es\/wp-json\/wp\/v2\/pages\/3717\/revisions\/3764"}],"wp:attachment":[{"href":"https:\/\/bananarama.com\/es\/wp-json\/wp\/v2\/media?parent=3717"}],"curies":[{"name":"wp","href":"https:\/\/api.w.org\/{rel}","templated":true}]}}